{"id":105384,"date":"2022-04-19T13:13:10","date_gmt":"2022-04-19T13:13:10","guid":{"rendered":"https:\/\/webshop.lhis.be\/klachten\/"},"modified":"2023-03-09T15:33:45","modified_gmt":"2023-03-09T15:33:45","slug":"plaintes","status":"publish","type":"page","link":"https:\/\/www.liebherrwebshop.be\/fr\/plaintes\/","title":{"rendered":"Plaintes"},"content":{"rendered":"<h1>\n<p>Plaintes<\/p>\n<\/h1>\n<div>\n<p>La satisfaction client est tr\u00e8s importante pour nous. Si vous n&rsquo;\u00eates pas satisfait, nous vous demandons de nous le faire savoir. Vous pouvez le faire par t\u00e9l\u00e9phone pendant les heures de bureau, mais vous pouvez \u00e9galement envoyer un e-mail \u00e0 tout moment. Notre <span><a href=\"\/fr\/service\/\">service client<\/a><\/span> vous r\u00e9pondra dans les trois jours ouvrables.<\/p>\n<\/div>\n<p><!--more--><br \/>\n<!-- {\"type\":\"layout\",\"children\":[{\"type\":\"section\",\"props\":{\"style\":\"muted\",\"width\":\"default\",\"vertical_align\":\"middle\",\"title_position\":\"top-left\",\"title_rotation\":\"left\",\"title_breakpoint\":\"xl\",\"image_position\":\"center-center\"},\"children\":[{\"type\":\"row\",\"children\":[{\"type\":\"column\",\"props\":{\"position_sticky_breakpoint\":\"m\",\"image_position\":\"center-center\",\"media_overlay_gradient\":\"\"},\"children\":[{\"type\":\"headline\",\"props\":{\"title_element\":\"h1\",\"content\":\"\n\n<p>Plaintes<\\\/p>\"}},{\"type\":\"text\",\"props\":{\"margin\":\"default\",\"column_breakpoint\":\"m\",\"content\":\"\n\n<p>La satisfaction client est tr\\u00e8s importante pour nous. Si vous n'\\u00eates pas satisfait, nous vous demandons de nous le faire savoir. Vous pouvez le faire par t\\u00e9l\\u00e9phone pendant les heures de bureau, mais vous pouvez \\u00e9galement envoyer un e-mail \\u00e0 tout moment. Notre <span><a href=\\\"\\\/fr\\\/service\\\/\\\">service client<\\\/a><\\\/span> vous r\\u00e9pondra dans les trois jours ouvrables.<\\\/p>\"}}]}]}]}],\"version\":\"2.7.22\",\"yooessentialsVersion\":\"1.5.8\"} --><\/p>\n","protected":false},"excerpt":{"rendered":"<p>Plaintes La satisfaction client est tr\u00e8s importante pour nous. Si vous n&rsquo;\u00eates pas satisfait, nous vous demandons de nous le faire savoir. Vous pouvez le faire par t\u00e9l\u00e9phone pendant les heures de bureau, mais vous pouvez \u00e9galement envoyer un e-mail \u00e0 tout moment. Notre service client vous r\u00e9pondra dans les trois jours ouvrables.<\/p>\n","protected":false},"author":1,"featured_media":0,"parent":0,"menu_order":0,"comment_status":"closed","ping_status":"closed","template":"","meta":{"_acf_changed":false,"footnotes":""},"class_list":["post-105384","page","type-page","status-publish","hentry"],"acf":[],"_links":{"self":[{"href":"https:\/\/www.liebherrwebshop.be\/fr\/wp-json\/wp\/v2\/pages\/105384","targetHints":{"allow":["GET"]}}],"collection":[{"href":"https:\/\/www.liebherrwebshop.be\/fr\/wp-json\/wp\/v2\/pages"}],"about":[{"href":"https:\/\/www.liebherrwebshop.be\/fr\/wp-json\/wp\/v2\/types\/page"}],"author":[{"embeddable":true,"href":"https:\/\/www.liebherrwebshop.be\/fr\/wp-json\/wp\/v2\/users\/1"}],"replies":[{"embeddable":true,"href":"https:\/\/www.liebherrwebshop.be\/fr\/wp-json\/wp\/v2\/comments?post=105384"}],"version-history":[{"count":6,"href":"https:\/\/www.liebherrwebshop.be\/fr\/wp-json\/wp\/v2\/pages\/105384\/revisions"}],"predecessor-version":[{"id":136452,"href":"https:\/\/www.liebherrwebshop.be\/fr\/wp-json\/wp\/v2\/pages\/105384\/revisions\/136452"}],"wp:attachment":[{"href":"https:\/\/www.liebherrwebshop.be\/fr\/wp-json\/wp\/v2\/media?parent=105384"}],"curies":[{"name":"wp","href":"https:\/\/api.w.org\/{rel}","templated":true}]}}