{"id":105388,"date":"2022-04-19T13:11:43","date_gmt":"2022-04-19T13:11:43","guid":{"rendered":"https:\/\/webshop.lhis.be\/retourneren-ruilen\/"},"modified":"2023-03-09T15:33:17","modified_gmt":"2023-03-09T15:33:17","slug":"retours-echanges","status":"publish","type":"page","link":"https:\/\/www.liebherrwebshop.be\/fr\/retours-echanges\/","title":{"rendered":"Retours &#038; \u00e9changes"},"content":{"rendered":"<h1>Retours &amp; \u00e9changes<\/h1>\n<div>\n<p><strong>\u00c9changes<\/strong><\/p>\n<p>Nous faisons tout notre possible pour vous livrer votre commande aussi minutieusement que possible. Mais un incident est vite arriv\u00e9. Si la commande est endommag\u00e9e, incompl\u00e8te ou d\u00e9fectueuse, vous pouvez nous renvoyer le produit dans son emballage d\u2019origine. D\u00e8s r\u00e9ception, nous enverrons ce m\u00eame jour un nouveau produit. Veuillez toujours au pr\u00e9alable contacter le <a href=\"\/fr\/service\/\">service<\/a> client.<\/p>\n<p><strong>Retours<\/strong><\/p>\n<p>Vous n\u2019\u00eates pas satisfait du produit ? Vous pouvez retourner le produit dans son \u00e9tat et emballage d\u2019origine dans les 14 jours suivant sa r\u00e9ception. Apr\u00e8s avoir retourn\u00e9 le produit, vous recevrez dans les 14 jours le montant de l\u2019achat des articles retourn\u00e9s, y compris les frais d\u2019exp\u00e9dition de la commande initiale.<\/p>\n<p>S\u2019il y a des traces visibles d\u2019utilisation ou des emballages manquants, vous n\u2019avez plus droit au prix d\u2019achat total. Dans ce cas, vous recevrez un paiement partiel de 75% du montant initial.<\/p>\n<p>Vous pouvez retourner le produit \u00e0 l\u2019adresse ci-dessous, les frais d\u2019exp\u00e9dition sont \u00e0 votre propre compte.<\/p>\n<p><strong>N\u2019oubliez pas de mentionner votre num\u00e9ro de commande!<\/strong><\/p>\n<p>CINEM S.A.<br \/>\u00c0 l&rsquo;attention du service apr\u00e8s-vente<br \/>Preflexbaan 162-165<br \/>1740 Ternat<\/p>\n<p>Vous pouvez \u00e9galement utiliser le formulaire pour indiquer que vous souhaitez utiliser votre droit de r\u00e9tractation. Cependant, vous n\u2019\u00eates pas oblig\u00e9 de l\u2019utiliser, car le droit de r\u00e9tractation s\u2019applique \u00e9galement sans le formulaire. T\u00e9l\u00e9chargez le formulaire de r\u00e9tractation <a href=\"https:\/\/www.liebherrwebshop.be\/wp-content\/uploads\/2023\/02\/Modelformulier_voor_herroeping-FR-3.pdf\">ici<\/a>.<\/p>\n<\/div>\n<p><!--more--><br \/>\n<!-- {\"type\":\"layout\",\"children\":[{\"type\":\"section\",\"props\":{\"style\":\"muted\",\"width\":\"default\",\"vertical_align\":\"middle\",\"title_position\":\"top-left\",\"title_rotation\":\"left\",\"title_breakpoint\":\"xl\",\"image_position\":\"center-center\"},\"children\":[{\"type\":\"row\",\"children\":[{\"type\":\"column\",\"props\":{\"position_sticky_breakpoint\":\"m\",\"image_position\":\"center-center\",\"media_overlay_gradient\":\"\"},\"children\":[{\"type\":\"headline\",\"props\":{\"title_element\":\"h1\",\"content\":\"Retours &amp; \\u00e9changes\"}},{\"type\":\"text\",\"props\":{\"margin\":\"default\",\"column_breakpoint\":\"m\",\"content\":\"\n\n<p><strong>\\u00c9changes<\\\/strong><\\\/p>\\n\n\n<p>Nous faisons tout notre possible pour vous livrer votre commande aussi minutieusement que possible. Mais un incident est vite arriv\\u00e9. Si la commande est endommag\\u00e9e, incompl\\u00e8te ou d\\u00e9fectueuse, vous pouvez nous renvoyer le produit dans son emballage d\\u2019origine. D\\u00e8s r\\u00e9ception, nous enverrons ce m\\u00eame jour un nouveau produit. Veuillez toujours au pr\\u00e9alable contacter le <a href=\\\"\\\/fr\\\/service\\\/\\\">service<\\\/a> client.<\\\/p>\\n\n\n<p><strong>Retours<\\\/strong><\\\/p>\\n\n\n<p>Vous n\\u2019\\u00eates pas satisfait du produit ? Vous pouvez retourner le produit dans son \\u00e9tat et emballage d\\u2019origine dans les 14 jours suivant sa r\\u00e9ception. Apr\\u00e8s avoir retourn\\u00e9 le produit, vous recevrez dans les 14 jours le montant de l\\u2019achat des articles retourn\\u00e9s, y compris les frais d\\u2019exp\\u00e9dition de la commande initiale.<\\\/p>\\n\n\n<p>S\\u2019il y a des traces visibles d\\u2019utilisation ou des emballages manquants, vous n\\u2019avez plus droit au prix d\\u2019achat total. Dans ce cas, vous recevrez un paiement partiel de 75% du montant initial.<\\\/p>\\n\n\n<p>Vous pouvez retourner le produit \\u00e0 l\\u2019adresse ci-dessous, les frais d\\u2019exp\\u00e9dition sont \\u00e0 votre propre compte.<\\\/p>\\n\n\n<p><strong>N\\u2019oubliez pas de mentionner votre num\\u00e9ro de commande!<\\\/strong><\\\/p>\\n\n\n<p>CINEM S.A.<br \\\/>\\u00c0 l'attention du service apr\\u00e8s-vente<br \\\/>Preflexbaan 162-165<br \\\/>1740 Ternat<\\\/p>\\n\n\n<p>Vous pouvez \\u00e9galement utiliser le formulaire pour indiquer que vous souhaitez utiliser votre droit de r\\u00e9tractation. Cependant, vous n\\u2019\\u00eates pas oblig\\u00e9 de l\\u2019utiliser, car le droit de r\\u00e9tractation s\\u2019applique \\u00e9galement sans le formulaire. T\\u00e9l\\u00e9chargez le formulaire de r\\u00e9tractation <a href=\\\"https:\\\/\\\/www.liebherrwebshop.be\\\/wp-content\\\/uploads\\\/2023\\\/02\\\/Modelformulier_voor_herroeping-FR-3.pdf\\\">ici<\\\/a>.<\\\/p>\"}}]}]}]}],\"version\":\"2.7.22\",\"yooessentialsVersion\":\"1.5.8\"} --><\/p>\n","protected":false},"excerpt":{"rendered":"<p>Retours &amp; \u00e9changes \u00c9changes Nous faisons tout notre possible pour vous livrer votre commande aussi minutieusement que possible. Mais un incident est vite arriv\u00e9. Si la commande est endommag\u00e9e, incompl\u00e8te ou d\u00e9fectueuse, vous pouvez nous renvoyer le produit dans son emballage d\u2019origine. D\u00e8s r\u00e9ception, nous enverrons ce m\u00eame jour un nouveau produit. Veuillez toujours au [&hellip;]<\/p>\n","protected":false},"author":1,"featured_media":0,"parent":0,"menu_order":0,"comment_status":"closed","ping_status":"closed","template":"","meta":{"_acf_changed":false,"footnotes":""},"class_list":["post-105388","page","type-page","status-publish","hentry"],"acf":[],"_links":{"self":[{"href":"https:\/\/www.liebherrwebshop.be\/fr\/wp-json\/wp\/v2\/pages\/105388","targetHints":{"allow":["GET"]}}],"collection":[{"href":"https:\/\/www.liebherrwebshop.be\/fr\/wp-json\/wp\/v2\/pages"}],"about":[{"href":"https:\/\/www.liebherrwebshop.be\/fr\/wp-json\/wp\/v2\/types\/page"}],"author":[{"embeddable":true,"href":"https:\/\/www.liebherrwebshop.be\/fr\/wp-json\/wp\/v2\/users\/1"}],"replies":[{"embeddable":true,"href":"https:\/\/www.liebherrwebshop.be\/fr\/wp-json\/wp\/v2\/comments?post=105388"}],"version-history":[{"count":9,"href":"https:\/\/www.liebherrwebshop.be\/fr\/wp-json\/wp\/v2\/pages\/105388\/revisions"}],"predecessor-version":[{"id":136451,"href":"https:\/\/www.liebherrwebshop.be\/fr\/wp-json\/wp\/v2\/pages\/105388\/revisions\/136451"}],"wp:attachment":[{"href":"https:\/\/www.liebherrwebshop.be\/fr\/wp-json\/wp\/v2\/media?parent=105388"}],"curies":[{"name":"wp","href":"https:\/\/api.w.org\/{rel}","templated":true}]}}