{"id":105391,"date":"2019-09-03T06:45:05","date_gmt":"2019-09-03T06:45:05","guid":{"rendered":"https:\/\/webshop.lhis.be\/home\/"},"modified":"2023-03-15T15:29:29","modified_gmt":"2023-03-15T15:29:29","slug":"home","status":"publish","type":"page","link":"https:\/\/www.liebherrwebshop.be\/fr\/","title":{"rendered":"Rechercher"},"content":{"rendered":"<p><img decoding=\"async\" src=\"\/wp-content\/uploads\/2022\/01\/liebherr-kasten.png\" alt=\"\"><\/p>\n<h1>Rechercher des pi\u00e8ces et des accessoires<\/h1>\n<div>Trouvez des pi\u00e8ces et des accessoires pour votre appareil Liebherr en saisissant le num\u00e9ro de service, le num\u00e9ro de s\u00e9rie ou tout simplement la r\u00e9f\u00e9rence de votre appareil ci-dessous. Vous pouvez ensuite ajouter un ou plusieurs articles \u00e0 votre panier et les commander directement.<\/div>\n<div>\n<div class=\"uk-margin-right search_products_container uk-inline\">\n<form class=\"search_products_form\"><input class=\"uk-input uk-form-width-medium search_products\"\n                                                   type=\"text\"\n                                                   placeholder=\"Num\u00e9ro de service, num\u00e9ro de s\u00e9rie ou r\u00e9f\u00e9rence du mod\u00e8le\"><\/form>\n<div class=\"check_icons\"><i class=\"fas fa-spinner\"\n                                                                        style=\"display: none;\"><\/i><i\n                                                        class=\"fas fa-check\" style=\"display: none;\"><\/i><i\n                                                        class=\"fas fa-exclamation-triangle\" style=\"display: none;\"><\/i>\n                                            <\/div>\n<div class=\"search_products_results\"><\/div>\n<\/p><\/div>\n<p>                                        <a class=\"uk-margin uk-button uk-button-primary\">Rechercher<\/a>\n<\/div>\n<div>\n<a class=\"uk-button uk-button-text\" uk-toggle=\"target: #popup_105694\">O\u00f9 puis-je trouver le num\u00e9ro de s\u00e9rie?<\/a><\/div>\n<p><!--more--><br \/>\n<!-- {\"type\":\"layout\",\"children\":[{\"type\":\"section\",\"props\":{\"style\":\"default\",\"width\":\"large\",\"vertical_align\":\"middle\",\"title_position\":\"top-left\",\"title_rotation\":\"left\",\"title_breakpoint\":\"xl\",\"image_position\":\"center-center\",\"css\":\".el-section{\\nbackground: rgb(255,255,255);\\n    background: -moz-linear-gradient(0deg, rgba(255,255,255,1) 45%, rgba(255,255,255,1) 52%, rgba(229,233,237,1) 100%);\\n    background: -webkit-linear-gradient(\\n0deg\\n, rgba(255,255,255,1) 45%, rgba(255,255,255,1) 52%, rgba(229,233,237,1) 100%);\\n    background: linear-gradient(\\n0deg\\n, rgba(255,255,255,1) 45%, rgba(255,255,255,1) 52%, rgba(229,233,237,1) 100%);\\n    filter: progid:DXImageTransform.Microsoft.gradient(startColorstr=\\\"#ffffff\\\",endColorstr=\\\"#e5e9ed\\\",GradientType=1);\\n}\",\"class\":\"\"},\"children\":[{\"type\":\"row\",\"props\":{\"layout\":\"expand,large\"},\"children\":[{\"type\":\"column\",\"props\":{\"position_sticky_breakpoint\":\"m\",\"image_position\":\"center-center\",\"media_overlay_gradient\":\"\",\"width_medium\":\"expand\"},\"children\":[{\"type\":\"image\",\"props\":{\"margin\":\"default\",\"image_svg_color\":\"emphasis\",\"image\":\"wp-content\\\/uploads\\\/2022\\\/01\\\/liebherr-kasten.png\"}}]},{\"type\":\"column\",\"props\":{\"position_sticky_breakpoint\":\"m\",\"image_position\":\"center-center\",\"media_overlay_gradient\":\"\",\"width_medium\":\"xlarge\",\"vertical_align\":\"middle\"},\"children\":[{\"type\":\"headline\",\"props\":{\"title_element\":\"h1\",\"content\":\"Rechercher des pi\\u00e8ces et des accessoires\",\"title_color\":\"primary\",\"title_style\":\"h3\"}},{\"type\":\"text\",\"props\":{\"margin\":\"default\",\"column_breakpoint\":\"m\",\"content\":\"Trouvez des pi\\u00e8ces et des accessoires pour votre appareil Liebherr en saisissant le num\\u00e9ro de service, le num\\u00e9ro de s\\u00e9rie ou tout simplement la r\\u00e9f\\u00e9rence de votre appareil ci-dessous. Vous pouvez ensuite ajouter un ou plusieurs articles \\u00e0 votre panier et les commander directement.\",\"text_size\":\"large\"}},{\"type\":\"html\",\"props\":{\"content\":\"\n\n<div class=\\\"uk-margin-right search_products_container uk-inline\\\">\\n                                            \n\n<form class=\\\"search_products_form\\\"><input class=\\\"uk-input uk-form-width-medium search_products\\\"\\n                                                   type=\\\"text\\\"\\n                                                   placeholder=\\\"Num\\u00e9ro de service, num\\u00e9ro de s\\u00e9rie ou r\\u00e9f\\u00e9rence du mod\\u00e8le\\\"><\\\/form>\\n                                            \n\n<div class=\\\"check_icons\\\"><i class=\\\"fas fa-spinner\\\"\\n                                                                        style=\\\"display: none;\\\"><\\\/i><i\\n                                                        class=\\\"fas fa-check\\\" style=\\\"display: none;\\\"><\\\/i><i\\n                                                        class=\\\"fas fa-exclamation-triangle\\\" style=\\\"display: none;\\\"><\\\/i>\\n                                            <\\\/div>\\n                                            \n\n<div class=\\\"search_products_results\\\"><\\\/div>\\n                                        <\\\/div>\\n                                        <a class=\\\"uk-margin uk-button uk-button-primary\\\">Rechercher<\\\/a>\"}},{\"type\":\"html\",\"props\":{\"content\":\"[popup id=105694 text=\\\"O\\u00f9 puis-je trouver le num\\u00e9ro de s\\u00e9rie?\\\" class=\\\"uk-button-text\\\"]\"}}]}]}]}],\"version\":\"2.7.22\",\"yooessentialsVersion\":\"1.5.8\"} --><\/p>\n","protected":false},"excerpt":{"rendered":"<p>Rechercher des pi\u00e8ces et des accessoires Trouvez des pi\u00e8ces et des accessoires pour votre appareil Liebherr en saisissant le num\u00e9ro de service, le num\u00e9ro de s\u00e9rie ou tout simplement la r\u00e9f\u00e9rence de votre appareil ci-dessous. Vous pouvez ensuite ajouter un ou plusieurs articles \u00e0 votre panier et les commander directement. Rechercher<\/p>\n","protected":false},"author":1,"featured_media":0,"parent":0,"menu_order":3,"comment_status":"open","ping_status":"open","template":"","meta":{"_acf_changed":false,"footnotes":""},"class_list":["post-105391","page","type-page","status-publish","hentry"],"acf":[],"_links":{"self":[{"href":"https:\/\/www.liebherrwebshop.be\/fr\/wp-json\/wp\/v2\/pages\/105391","targetHints":{"allow":["GET"]}}],"collection":[{"href":"https:\/\/www.liebherrwebshop.be\/fr\/wp-json\/wp\/v2\/pages"}],"about":[{"href":"https:\/\/www.liebherrwebshop.be\/fr\/wp-json\/wp\/v2\/types\/page"}],"author":[{"embeddable":true,"href":"https:\/\/www.liebherrwebshop.be\/fr\/wp-json\/wp\/v2\/users\/1"}],"replies":[{"embeddable":true,"href":"https:\/\/www.liebherrwebshop.be\/fr\/wp-json\/wp\/v2\/comments?post=105391"}],"version-history":[{"count":7,"href":"https:\/\/www.liebherrwebshop.be\/fr\/wp-json\/wp\/v2\/pages\/105391\/revisions"}],"predecessor-version":[{"id":136496,"href":"https:\/\/www.liebherrwebshop.be\/fr\/wp-json\/wp\/v2\/pages\/105391\/revisions\/136496"}],"wp:attachment":[{"href":"https:\/\/www.liebherrwebshop.be\/fr\/wp-json\/wp\/v2\/media?parent=105391"}],"curies":[{"name":"wp","href":"https:\/\/api.w.org\/{rel}","templated":true}]}}